{"id":18,"date":"2024-03-23T17:13:14","date_gmt":"2024-03-23T16:13:14","guid":{"rendered":"https:\/\/da-teszt.hu\/contact\/"},"modified":"2024-06-26T22:57:54","modified_gmt":"2024-06-26T20:57:54","slug":"kapcsolat","status":"publish","type":"page","link":"https:\/\/gekkopub.hu\/de\/kapcsolat\/","title":{"rendered":"Kontakt"},"content":{"rendered":"<section class=\"bde-section-18-142 bde-section\">\n              \n  \n\t\n\n  <div class=\"section-background-overlay\"><\/div>\n\n\n<div class=\"section-container\"><h2 class=\"bde-heading-18-143 bde-heading\">\nKontakt\n<\/h2><div class=\"bde-text-18-144 bde-text\">\nHaben Sie eine Frage? Kontaktieren Sie uns!\n<\/div><\/div>\n<\/section><section class=\"bde-section-18-100 bde-section radial-bg__top\">\n  \n\t\n\n\n\n<div class=\"section-container\"><div class=\"bde-columns-18-104 bde-columns\"><div class=\"bde-column-18-107 bde-column\">\n  \n\t\n\n\n\n<h2 class=\"bde-heading-18-108 bde-heading\">\nWo k\u00f6nnen Sie uns finden?\n<\/h2><div class=\"bde-text-18-109 bde-text\">\nKommen Sie und probieren Sie unsere Spezialit\u00e4ten.\n<\/div><div class=\"bde-text-18-110 bde-text\">\nUnsere Adresse lautet\n<\/div><div class=\"bde-text-18-141 bde-text\">\nSzombathely, Szelestey L\u00e1szl\u00f3 u. 2, 9700\n<\/div><div class=\"bde-button-18-119 bde-button\">\n    \n                                    \n    \n    \n    \n    \n            \n                    \n            \n            \n\n    \n    \n    \n    \n    <a class=\"breakdance-link button-atom button-atom--custom bde-button__button\" href=\"https:\/\/www.google.com\/maps\/place\/Gekko+Pub+\u00e9s+\u00c9tterem\/@47.2351325,16.6196273,17z\/data=!3m1!4b1!4m6!3m5!1s0x476eb9b91cede4f9:0x5d1562682a4c8d59!8m2!3d47.2351325!4d16.6222022!16s%2Fg%2F1tfvxz61?entry=ttu\" target=\"_self\" data-type=\"url\"  >\n\n    \n        <span class=\"button-atom__text\">Routenplanung<\/span>\n\n                            \n        \n                <\/a>\n\n    \n\n\n<\/div>\n<\/div><div class=\"bde-column-18-105 bde-column\">\n  \n\t\n\n\n\n<div class=\"bde-code-block-18-145 bde-code-block\">\n\n  <iframe src=\"https:\/\/www.google.com\/maps\/embed?pb=!1m18!1m12!1m3!1d2709.0518086584234!2d16.6196272760557!3d47.23513247115824!2m3!1f0!2f0!3f0!3m2!1i1024!2i768!4f13.1!3m3!1m2!1s0x476eb9b91cede4f9%3A0x5d1562682a4c8d59!2sGekko%20Pub%20%C3%A9s%20%C3%89tterem!5e0!3m2!1shu!2shu!4v1715955893101!5m2!1shu!2shu\" width=\"450\" height=\"400\" style=\"border: 4px solid black; box-shadow: 0 0 15px 0px white;\" allowfullscreen=\"\" loading=\"lazy\" referrerpolicy=\"no-referrer-when-downgrade\"><\/iframe>\n\n\n\n<\/div><div class=\"bde-code-block-18-146 bde-code-block\">\n\n  <iframe src=\"https:\/\/www.google.com\/maps\/embed?pb=!1m18!1m12!1m3!1d2709.0518086584234!2d16.6196272760557!3d47.23513247115824!2m3!1f0!2f0!3f0!3m2!1i1024!2i768!4f13.1!3m3!1m2!1s0x476eb9b91cede4f9%3A0x5d1562682a4c8d59!2sGekko%20Pub%20%C3%A9s%20%C3%89tterem!5e0!3m2!1shu!2shu!4v1715955893101!5m2!1shu!2shu\" width=\"300\" height=\"400\" style=\"border: 4px solid black; box-shadow: 0 0 15px 0px white;\" allowfullscreen=\"\" loading=\"lazy\" referrerpolicy=\"no-referrer-when-downgrade\"><\/iframe>\n\n\n\n<\/div>\n<\/div><\/div><\/div>\n<\/section><section class=\"bde-section-18-122 bde-section\">\n  \n\t\n\n\n\n<div class=\"section-container\"><div class=\"bde-columns-18-123 bde-columns\"><div class=\"bde-column-18-124 bde-column\">\n  \n\t\n\n\n\n<div class=\"bde-form-builder-18-126 bde-form-builder\">\n\n\n<form id=\"contact-form126\" class=\"breakdance-form breakdance-form--vertical has-breakpoints\" data-options=\"{&quot;slug&quot;:&quot;custom&quot;,&quot;name&quot;:&quot;Contact Form&quot;,&quot;ajaxUrl&quot;:&quot;https:\\\/\\\/gekkopub.hu\\\/wp-admin\\\/admin-ajax.php&quot;,&quot;clearOnSuccess&quot;:true,&quot;hideOnSuccess&quot;:false,&quot;successMessage&quot;:&quot;Sikeresen elk\\u00fcldt\\u00fck az \\u00fczenetedet! A napokban felvessz\\u00fck veled a kapcsolatot!&quot;,&quot;errorMessage&quot;:&quot;Sikertelen \\u00fczenetk\\u00fcld\\u00e9s.&quot;,&quot;redirect&quot;:false,&quot;redirectUrl&quot;:&quot;&quot;,&quot;customJavaScript&quot;:&quot;&quot;,&quot;recaptcha&quot;:{&quot;key&quot;:&quot;&quot;,&quot;enabled&quot;:false},&quot;honeypot_enabled&quot;:false,&quot;popupsOnSuccess&quot;:[],&quot;popupsOnError&quot;:[]}\" data-steps=\"0\" action=\"\" >\n  \n  \n  \n<div class=\"breakdance-form-field breakdance-form-field--text\" >\n    \n    \n            <label class=\"breakdance-form-field__label\" for=\"name\">\n            Name<span class=\"breakdance-form-field__required\">*<\/span>\n        <\/label>\n    \n    <input\n    class=\"breakdance-form-field__input\"\n    id=\"name\"\n    aria-describedby=\"name\"\n    type=\"text\"\n    name=\"fields[name]\"\n    placeholder=\"Name\"\n    value=\"\"\n                \n        \n        \n    required\n>\n\n\n    \n    \n<\/div>\n\n\n<div class=\"breakdance-form-field breakdance-form-field--text\" >\n    \n    \n            <label class=\"breakdance-form-field__label\" for=\"email\">\n            Telefon<span class=\"breakdance-form-field__required\">*<\/span>\n        <\/label>\n    \n    <input\n    class=\"breakdance-form-field__input\"\n    id=\"email\"\n    aria-describedby=\"email\"\n    type=\"text\"\n    name=\"fields[email]\"\n    placeholder=\"Rufnummer\"\n    value=\"\"\n                \n        \n        \n    required\n>\n\n\n    \n    \n<\/div>\n\n\n<div class=\"breakdance-form-field breakdance-form-field--textarea\" >\n    \n    \n            <label class=\"breakdance-form-field__label\" for=\"message\">\n            Nachricht<span class=\"breakdance-form-field__required\">*<\/span>\n        <\/label>\n    \n    <textarea\n    class=\"breakdance-form-field__input\"\n    id=\"message\"\n    aria-describedby=\"message\"\n    type=\"textarea\"\n    name=\"fields[message]\"\n        placeholder=\"Nachricht\"\n    required\n>\n<\/textarea>\n\n\n    \n    \n<\/div>\n\n\n  \n\n<div class=\"breakdance-form-field breakdance-form-footer\">\n    \n    \n                                    \n    \n    \n    \n    \n            \n            <button type=\"submit\" class=\"button-atom button-atom--primary breakdance-form-button breakdance-form-button__submit\"  >\n    \n        <span class=\"button-atom__text\">Send<\/span>\n\n        \n        \n            <\/button>\n    \n    <input type=\"hidden\" name=\"form_id\" value=\"126\">\n    <input type=\"hidden\" name=\"post_id\" value=\"18\">\n<\/div>\n\n  \n<input type=\"hidden\" name=\"trp-form-language\" value=\"de\"\/><\/form>\n\n\n\n<\/div><div class=\"bde-text-18-147 bde-text\">\nMit dem Klicken auf die Schaltfl\u00e4che \"Senden\" akzeptieren Sie die <br><a href=\"https:\/\/gekkopub.hu\/wp-content\/uploads\/2024\/05\/adatvedelmi-nyilatkozat_gekkopub.pdf\" target=\"_blank\" style=\"text-decoration: none;\">Erkl\u00e4rung zum Datenschutz <\/a>!*\n<\/div>\n<\/div><div class=\"bde-column-18-125 bde-column\">\n  \n\t\n\n\n\n<h2 class=\"bde-heading-18-127 bde-heading\">\nFragen Sie uns\n<\/h2><div class=\"bde-text-18-128 bde-text\">\nWenden Sie sich telefonisch oder per E-Mail an uns, wenn Sie Reservierungen, Veranstaltungsr\u00e4ume, Cateringservices oder andere Fragen haben, wir helfen Ihnen gerne weiter!\n<\/div><div class=\"bde-div-18-129 bde-div\">\n  \n\t\n\n\n\n<div class=\"bde-text-18-130 bde-text\">\nUnsere Telefonnummer\n<\/div><div class=\"bde-text-18-131 bde-text\">\n<a href=\"tel:06209262068\" style=\"text-decoration:none;color:white;\">06 20 926 2068<\/a>\n<\/div>\n<\/div><div class=\"bde-div-18-132 bde-div\">\n  \n\t\n\n\n\n<div class=\"bde-text-18-133 bde-text\">\nUnsere E-Mail Adresse\n<\/div><div class=\"bde-text-18-134 bde-text\">\n<a href=\"mailto:info@gekkopub.hu\" style=\"text-decoration:none;color:white;\">info@gekkopub.hu<\/a>\n<\/div>\n<\/div>\n<\/div><\/div><\/div>\n<\/section>","protected":false},"excerpt":{"rendered":"<p>Kontakt Haben Sie eine Frage? Kontaktieren Sie uns! Wo k\u00f6nnen Sie uns finden? Kommen Sie und probieren Sie unsere Spezialit\u00e4ten. Unsere Adresse ist Szombathely, Szelestey L\u00e1szl\u00f3 u. 2, 9700 Route Name* Telefon* Nachricht* Senden Mit dem Klicken auf die Schaltfl\u00e4che \"Senden\" erkl\u00e4ren Sie sich mit der Datenschutzerkl\u00e4rung einverstanden!* Fragen Sie uns Kontaktieren Sie uns per Telefon oder E-Mail f\u00fcr Reservierungen, Veranstaltungsr\u00e4ume, Catering-Dienstleistungen oder alle Fragen, die Sie \u00fcber unsere [...]<\/p>","protected":false},"author":1,"featured_media":0,"parent":0,"menu_order":0,"comment_status":"closed","ping_status":"closed","template":"","meta":{"_breakdance_hide_in_design_set":false,"_breakdance_tags":"","footnotes":""},"class_list":["post-18","page","type-page","status-publish","hentry"],"_links":{"self":[{"href":"https:\/\/gekkopub.hu\/de\/wp-json\/wp\/v2\/pages\/18","targetHints":{"allow":["GET"]}}],"collection":[{"href":"https:\/\/gekkopub.hu\/de\/wp-json\/wp\/v2\/pages"}],"about":[{"href":"https:\/\/gekkopub.hu\/de\/wp-json\/wp\/v2\/types\/page"}],"author":[{"embeddable":true,"href":"https:\/\/gekkopub.hu\/de\/wp-json\/wp\/v2\/users\/1"}],"replies":[{"embeddable":true,"href":"https:\/\/gekkopub.hu\/de\/wp-json\/wp\/v2\/comments?post=18"}],"version-history":[{"count":44,"href":"https:\/\/gekkopub.hu\/de\/wp-json\/wp\/v2\/pages\/18\/revisions"}],"predecessor-version":[{"id":524,"href":"https:\/\/gekkopub.hu\/de\/wp-json\/wp\/v2\/pages\/18\/revisions\/524"}],"wp:attachment":[{"href":"https:\/\/gekkopub.hu\/de\/wp-json\/wp\/v2\/media?parent=18"}],"curies":[{"name":"wp","href":"https:\/\/api.w.org\/{rel}","templated":true}]}}