{"id":21,"date":"2024-03-23T17:13:16","date_gmt":"2024-03-23T16:13:16","guid":{"rendered":"https:\/\/da-teszt.hu\/our-story\/"},"modified":"2024-05-30T09:54:16","modified_gmt":"2024-05-30T07:54:16","slug":"rolunk","status":"publish","type":"page","link":"https:\/\/gekkopub.hu\/de\/rolunk\/","title":{"rendered":"\u00dcber uns"},"content":{"rendered":"<section class=\"bde-section-21-100 bde-section radial-bg__top\">\n              \n  \n\t\n\n  <div class=\"section-background-overlay\"><\/div>\n\n\n<div class=\"section-container\"><h1 class=\"bde-heading-21-101 bde-heading\">\n\u00dcber uns\n<\/h1><div class=\"bde-text-21-102 bde-text\">\nSeit 2004 im Herzen von Szombathely bem\u00fchen wir uns mit der Entwicklung der Gastronomie Schritt zu halten. Schauen Sie sich unsere aktuellen Angebote an und genie\u00dfen Sie das echte Gekko-Pub-Gef\u00fchl, auch bequem von zu Hause aus.\n<\/div><\/div>\n<\/section><section class=\"bde-section-21-149 bde-section radial-bg__top\">\n  \n\t\n\n\n\n<div class=\"section-container\"><div class=\"bde-columns-21-151 bde-columns\"><div class=\"bde-column-21-152 bde-column\">\n  \n\t\n\n\n\n<h1 class=\"bde-heading-21-153 bde-heading\">\nGekko Kneipe<br>Restaurant und Kneipe\n<\/h1><div class=\"bde-rich-text-21-162 bde-rich-text breakdance-rich-text-styles\">\n<p><span style=\"font-weight: 400;\">A <\/span><b>Gekko Pub Restaurant und Kneipe<\/b><span style=\"font-weight: 400;\"> liegt im Herzen von Szombathely, in der N\u00e4he des Hauptplatzes.<\/span><\/p>\n<p><span style=\"font-weight: 400;\">Seit mehr als 20 Jahren lieben wir es, gutes Essen zu kochen, vom traditionellen bis zum Street Food.<\/span><\/p>\n<p><span style=\"font-weight: 400;\">Einer unserer Favoriten ist der Gekko-Burger nach eigenem Hausrezept, aber auch der Rindereintopf mit Rotwein aus hochwertigen Zutaten oder die pikante K\u00e4secremesuppe sind bei uns zu finden. F\u00fcr gr\u00f6\u00dfere Gesellschaften empfehlen wir unsere deftigen Fleischplatten....<\/span><\/p>\n<p><span style=\"font-weight: 400;\">Kleine Familientreffen, Klassentreffen, Abschlussfeiern und Firmenessen k\u00f6nnen in unserem Veranstaltungsraum mit 20 bis 25 Pl\u00e4tzen abgehalten werden.<\/span><\/p>\n<p><span style=\"font-weight: 400;\">Unser Unternehmen bietet auch erstklassige Cateringservices f\u00fcr Veranstaltungen an, entweder au\u00dfer Haus oder an unseren festen Standorten, ab 20 Personen bis zu 200 Personen.<\/span><\/p>\n<\/div><div class=\"bde-icon-list-21-161 bde-icon-list\">\n<ul>\n  \n              \n    <li>\n              <div class='bde-icon-list__item-wrapper'>\n      \n      <span class='bde-icon-list__icon'>\n        <svg xmlns=\"http:\/\/www.w3.org\/2000\/svg\" viewbox=\"0 0 512 512\"><!-- Font Awesome Free 5.15.1 by @fontawesome - https:\/\/fontawesome.com License - https:\/\/fontawesome.com\/license\/free (Icons: CC BY 4.0, Fonts: SIL OFL 1.1, Code: MIT License) --><path d=\"M458.4 64.3C400.6 15.7 311.3 23 256 79.3 200.7 23 111.4 15.6 53.6 64.3-21.6 127.6-10.6 230.8 43 285.5l175.4 178.7c10 10.2 23.4 15.9 37.6 15.9 14.3 0 27.6-5.6 37.6-15.8L469 285.6c53.5-54.7 64.7-157.9-10.6-221.3zm-23.6 187.5L259.4 430.5c-2.4 2.4-4.4 2.4-6.8 0L77.2 251.8c-36.5-37.2-43.9-107.6 7.3-150.7 38.9-32.7 98.9-27.8 136.5 10.5l35 35.7 35-35.7c37.8-38.5 97.8-43.2 136.5-10.6 51.1 43.1 43.5 113.9 7.3 150.8z\"\/><\/svg>\n      <\/span>\n      <span class='bde-icon-list__text' >\n      Im Herzen des Stadtzentrums\n      <\/span>\n              <\/div>\n      \n    <\/li>\n\n  \n              \n    <li>\n              <div class='bde-icon-list__item-wrapper'>\n      \n      <span class='bde-icon-list__icon'>\n        <svg xmlns=\"http:\/\/www.w3.org\/2000\/svg\" id=\"icon-calendar\" viewbox=\"0 0 32 32\">\n<path d=\"M10 12h4v4h-4zM16 12h4v4h-4zM22 12h4v4h-4zM4 24h4v4h-4zM10 24h4v4h-4zM16 24h4v4h-4zM10 18h4v4h-4zM16 18h4v4h-4zM22 18h4v4h-4zM4 18h4v4h-4zM26 0v2h-4v-2h-14v2h-4v-2h-4v32h30v-32h-4zM28 30h-26v-22h26v22z\"\/>\n<\/svg>\n      <\/span>\n      <span class='bde-icon-list__text' >\n      W\u00f6chentlich wechselndes Angebot\n      <\/span>\n              <\/div>\n      \n    <\/li>\n\n  \n              \n    <li>\n              <div class='bde-icon-list__item-wrapper'>\n      \n      <span class='bde-icon-list__icon'>\n        <svg xmlns=\"http:\/\/www.w3.org\/2000\/svg\" id=\"icon-spoon-knife\" viewbox=\"0 0 32 32\">\n<path d=\"M7 0c-3.314 0-6 3.134-6 7 0 3.31 1.969 6.083 4.616 6.812l-0.993 16.191c-0.067 1.098 0.778 1.996 1.878 1.996h1c1.1 0 1.945-0.898 1.878-1.996l-0.993-16.191c2.646-0.729 4.616-3.502 4.616-6.812 0-3.866-2.686-7-6-7zM27.167 0l-1.667 10h-1.25l-0.833-10h-0.833l-0.833 10h-1.25l-1.667-10h-0.833v13c0 0.552 0.448 1 1 1h2.604l-0.982 16.004c-0.067 1.098 0.778 1.996 1.878 1.996h1c1.1 0 1.945-0.898 1.878-1.996l-0.982-16.004h2.604c0.552 0 1-0.448 1-1v-13h-0.833z\"\/>\n<\/svg>\n      <\/span>\n      <span class='bde-icon-list__text' >\n      Neue gastronomische Erfahrung\n      <\/span>\n              <\/div>\n      \n    <\/li>\n\n  \n              \n    <li>\n              <div class='bde-icon-list__item-wrapper'>\n      \n      <span class='bde-icon-list__icon'>\n        <svg xmlns=\"http:\/\/www.w3.org\/2000\/svg\" viewbox=\"0 0 448 512\"><!-- Font Awesome Free 5.15.1 by @fontawesome - https:\/\/fontawesome.com License - https:\/\/fontawesome.com\/license\/free (Icons: CC BY 4.0, Fonts: SIL OFL 1.1, Code: MIT License) --><path d=\"M368 96h-48V56c0-13.255-10.745-24-24-24H24C10.745 32 0 42.745 0 56v400c0 13.255 10.745 24 24 24h272c13.255 0 24-10.745 24-24v-42.11l80.606-35.977C429.396 365.063 448 336.388 448 304.86V176c0-44.112-35.888-80-80-80zm16 208.86a16.018 16.018 0 0 1-9.479 14.611L320 343.805V160h48c8.822 0 16 7.178 16 16v128.86zM208 384c-8.836 0-16-7.164-16-16V144c0-8.836 7.164-16 16-16s16 7.164 16 16v224c0 8.836-7.164 16-16 16zm-96 0c-8.836 0-16-7.164-16-16V144c0-8.836 7.164-16 16-16s16 7.164 16 16v224c0 8.836-7.164 16-16 16z\"\/><\/svg>\n      <\/span>\n      <span class='bde-icon-list__text' >\n      Unvergesslicher Abend mit Freunden\n      <\/span>\n              <\/div>\n      \n    <\/li>\n\n  <\/ul>\n\n<\/div>\n<\/div><div class=\"bde-column-21-156 bde-column\">\n  \n\t\n\n\n\n<div class=\"bde-image-21-158 bde-image\">\n  \n\n\n\n\n\n<figure class=\"breakdance-image breakdance-image--122\">\n\t<div class=\"breakdance-image-container\">\n\t\t<div class=\"breakdance-image-clip\">\n\t\t\t\n\t\t\t\t\n\t\t\t\t\t      \n  \n  \n  \n  \n      \n      <img loading=\"lazy\" decoding=\"async\"\n      class=\"breakdance-image-object\"\n      src=\"https:\/\/gekkopub.hu\/wp-content\/uploads\/2024\/04\/gekko_pub_Szombathely_etterem_rolunk_kep-scaled.jpg\"\n      width=\"2560\"\n      height=\"1707\"\n      \n      \n                                    srcset=\"https:\/\/gekkopub.hu\/wp-content\/uploads\/2024\/04\/gekko_pub_Szombathely_etterem_rolunk_kep-scaled.jpg 2560w, https:\/\/gekkopub.hu\/wp-content\/uploads\/2024\/04\/gekko_pub_Szombathely_etterem_rolunk_kep-300x200.jpg 300w, https:\/\/gekkopub.hu\/wp-content\/uploads\/2024\/04\/gekko_pub_Szombathely_etterem_rolunk_kep-1024x683.jpg 1024w, https:\/\/gekkopub.hu\/wp-content\/uploads\/2024\/04\/gekko_pub_Szombathely_etterem_rolunk_kep-768x512.jpg 768w, https:\/\/gekkopub.hu\/wp-content\/uploads\/2024\/04\/gekko_pub_Szombathely_etterem_rolunk_kep-1536x1024.jpg 1536w, https:\/\/gekkopub.hu\/wp-content\/uploads\/2024\/04\/gekko_pub_Szombathely_etterem_rolunk_kep-2048x1365.jpg 2048w\"\n                                                                      >\n  \n\n\t\t\t\t\t\n\t\t\t\t\t\t<\/div>\n\t<\/div>\n\n\t<\/figure>\n\n<\/div>\n<\/div><\/div><\/div>\n<\/section><section class=\"bde-section-21-105 bde-section\">\n  \n\t\n\n\n\n<div class=\"section-container\"><div class=\"bde-columns-21-106 bde-columns\"><div class=\"bde-column-21-107 bde-column\">\n  \n\t\n\n\n\n<div class=\"bde-image-21-111 bde-image\">\n  \n\n\n\n\n\n<figure class=\"breakdance-image breakdance-image--121\">\n\t<div class=\"breakdance-image-container\">\n\t\t<div class=\"breakdance-image-clip\">\n\t\t\t\n\t\t\t\t\n\t\t\t\t\t      \n  \n  \n  \n  \n      \n      <img loading=\"lazy\" decoding=\"async\"\n      class=\"breakdance-image-object\"\n      src=\"https:\/\/gekkopub.hu\/wp-content\/uploads\/2024\/04\/gekko_pub_szombathely_etterem_rolunk_gekko-scaled.jpg\"\n      width=\"2560\"\n      height=\"1706\"\n      \n      \n                                    srcset=\"https:\/\/gekkopub.hu\/wp-content\/uploads\/2024\/04\/gekko_pub_szombathely_etterem_rolunk_gekko-scaled.jpg 2560w, https:\/\/gekkopub.hu\/wp-content\/uploads\/2024\/04\/gekko_pub_szombathely_etterem_rolunk_gekko-300x200.jpg 300w, https:\/\/gekkopub.hu\/wp-content\/uploads\/2024\/04\/gekko_pub_szombathely_etterem_rolunk_gekko-1024x683.jpg 1024w, https:\/\/gekkopub.hu\/wp-content\/uploads\/2024\/04\/gekko_pub_szombathely_etterem_rolunk_gekko-768x512.jpg 768w, https:\/\/gekkopub.hu\/wp-content\/uploads\/2024\/04\/gekko_pub_szombathely_etterem_rolunk_gekko-1536x1024.jpg 1536w, https:\/\/gekkopub.hu\/wp-content\/uploads\/2024\/04\/gekko_pub_szombathely_etterem_rolunk_gekko-2048x1365.jpg 2048w\"\n                                                                      >\n  \n\n\t\t\t\t\t\n\t\t\t\t\t\t<\/div>\n\t<\/div>\n\n\t<\/figure>\n\n<\/div>\n<\/div><div class=\"bde-column-21-108 bde-column\">\n  \n\t\n\n\n\n<h2 class=\"bde-heading-21-109 bde-heading\">\nKommen Sie und sehen Sie <br>Mitch der Agama an!\n<\/h2><div class=\"bde-text-21-110 bde-text\">\nIn unserem Restaurant warten wir auf Sie nicht nur mit k\u00f6stlichen Speisen, sondern auch mit unserem speziellen Haustier, Mitch der Agama! Mitch ist unser kleines Maskottchen, das abends aus seinem Versteck kommt, damit unsere G\u00e4ste ihn bewundern k\u00f6nnen. Dieses freundliche kleine Reptil ist eine besondere Freude f\u00fcr jeden, der uns besucht. Wundern Sie sich nicht, wenn Sie von der Wand aus von einem Augenpaar beobachtet werden - Mitch ist einfach neugierig und m\u00f6chte seinen neuen Freunden Hallo sagen!\n<\/div>\n<\/div><\/div><div class=\"bde-image-21-113 bde-image\">\n  \n\n\n\n\n\n<figure class=\"breakdance-image breakdance-image--42\">\n\t<div class=\"breakdance-image-container\">\n\t\t<div class=\"breakdance-image-clip\">\n\t\t\t\n\t\t\t\t\n\t\t\t\t\t      \n  \n  \n  \n  \n      \n      <img loading=\"lazy\" decoding=\"async\"\n      class=\"breakdance-image-object\"\n      src=\"https:\/\/breakdancelibrary.com\/restaurant\/wp-content\/uploads\/sites\/19\/2022\/12\/stars-element_citadel-restaurant.png\"\n      width=\"191\"\n      height=\"223\"\n      \n      \n                                                                  >\n  \n\n\t\t\t\t\t\n\t\t\t\t\t\t<\/div>\n\t<\/div>\n\n\t<\/figure>\n\n<\/div><\/div>\n<\/section>","protected":false},"excerpt":{"rendered":"<p>\u00dcber uns Seit 2004 arbeiten wir zusammen mit unseren Kollegen im Herzen von Szombathely und versuchen, mit der Entwicklung der Gastronomie Schritt zu halten. Schauen Sie sich unser aktuelles Angebot an und genie\u00dfen Sie das echte Gekko Pub-Gef\u00fchl zu Hause. Gekko PubRestaurant und Kneipe Gekko Pub Restaurant und Kneipe befindet sich im Herzen von Szombathely, in der N\u00e4he des Hauptplatzes. Seit mehr als 20 Jahren lieben wir es, gutes Essen zu kochen, von der traditionellen K\u00fcche bis zur Stra\u00dfenk\u00fcche [...]<\/p>","protected":false},"author":1,"featured_media":0,"parent":0,"menu_order":0,"comment_status":"closed","ping_status":"closed","template":"","meta":{"_breakdance_hide_in_design_set":false,"_breakdance_tags":"","footnotes":""},"class_list":["post-21","page","type-page","status-publish","hentry"],"_links":{"self":[{"href":"https:\/\/gekkopub.hu\/de\/wp-json\/wp\/v2\/pages\/21","targetHints":{"allow":["GET"]}}],"collection":[{"href":"https:\/\/gekkopub.hu\/de\/wp-json\/wp\/v2\/pages"}],"about":[{"href":"https:\/\/gekkopub.hu\/de\/wp-json\/wp\/v2\/types\/page"}],"author":[{"embeddable":true,"href":"https:\/\/gekkopub.hu\/de\/wp-json\/wp\/v2\/users\/1"}],"replies":[{"embeddable":true,"href":"https:\/\/gekkopub.hu\/de\/wp-json\/wp\/v2\/comments?post=21"}],"version-history":[{"count":56,"href":"https:\/\/gekkopub.hu\/de\/wp-json\/wp\/v2\/pages\/21\/revisions"}],"predecessor-version":[{"id":476,"href":"https:\/\/gekkopub.hu\/de\/wp-json\/wp\/v2\/pages\/21\/revisions\/476"}],"wp:attachment":[{"href":"https:\/\/gekkopub.hu\/de\/wp-json\/wp\/v2\/media?parent=21"}],"curies":[{"name":"wp","href":"https:\/\/api.w.org\/{rel}","templated":true}]}}