{"id":25,"date":"2024-03-23T17:13:17","date_gmt":"2024-03-23T16:13:17","guid":{"rendered":"https:\/\/da-teszt.hu\/home\/"},"modified":"2025-05-06T14:23:39","modified_gmt":"2025-05-06T12:23:39","slug":"kezdolap","status":"publish","type":"page","link":"https:\/\/gekkopub.hu\/de\/","title":{"rendered":"Hauptseite"},"content":{"rendered":"<section class=\"bde-section-25-100 bde-section radial-bg__top\">\n              \n  \n\t\n\n  <div class=\"section-background-overlay\"><\/div>\n\n\n<div class=\"section-container\"><\/div>\n<\/section><section id=\"ajanlat\" class=\"bde-section-25-110 bde-section\">\n  \n\t\n\n\n\n<div class=\"section-container\"><div class=\"bde-columns-25-114 bde-columns\"><div class=\"bde-column-25-115 bde-column\">\n  \n\t\n\n\n\n<div class=\"bde-image-25-189 bde-image\" data-entrance=\"zoomIn\">\n  \n\n\n\n\n\n<figure class=\"breakdance-image breakdance-image--676\">\n\t<div class=\"breakdance-image-container\">\n\t\t<div class=\"breakdance-image-clip\">\n\t\t\t\t\t\t<a class=\"breakdance-image-link breakdance-image-link--lightbox\" href=\"https:\/\/gekkopub.hu\/wp-content\/uploads\/2025\/05\/szak-veget-768x1089.jpg\" target=\"_self\" rel=\"noopener\" data-sub-html=\"\" data-lg-size=\"768-1089\">\n\t\t\t\t\n\t\t\t\t\n\t\t\t\t\t      \n  \n  \n  \n  \n      \n      <img loading=\"lazy\" decoding=\"async\"\n      class=\"breakdance-image-object\"\n      src=\"https:\/\/gekkopub.hu\/wp-content\/uploads\/2025\/05\/szak-veget-768x1089.jpg\"\n      width=\"768\"\n      height=\"1089\"\n      \n      \n                                    srcset=\"https:\/\/gekkopub.hu\/wp-content\/uploads\/2025\/05\/szak-veget.jpg 1410w, https:\/\/gekkopub.hu\/wp-content\/uploads\/2025\/05\/szak-veget-212x300.jpg 212w, https:\/\/gekkopub.hu\/wp-content\/uploads\/2025\/05\/szak-veget-722x1024.jpg 722w, https:\/\/gekkopub.hu\/wp-content\/uploads\/2025\/05\/szak-veget-768x1089.jpg 768w, https:\/\/gekkopub.hu\/wp-content\/uploads\/2025\/05\/szak-veget-1083x1536.jpg 1083w, https:\/\/gekkopub.hu\/wp-content\/uploads\/2025\/05\/szak-veget-8x12.jpg 8w\"\n                                                                      >\n  \n\n\t\t\t\t\t\n\t\t\t\t\t\t\t<\/a>\n\t\t\t\t\t<\/div>\n\t<\/div>\n\n\t<\/figure>\n\n<\/div>\n<\/div><div class=\"bde-column-25-116 bde-column\">\n  \n\t\n\n\n\n<h2 class=\"bde-heading-25-118 bde-heading\">\nKedves Vend\u00e9geink!\n<\/h2><div class=\"bde-text-25-119 bde-text\">\nSzeretn\u00e9nk megosztani Veletek, hogy \u00e9tterm\u00fcnk 2025. m\u00e1jus\u00a0 4-\u00e9n v\u00e9gleg bez\u00e1r. Addig is sz\u0171k\u00edtett \u00e9tlappal, de v\u00e1ltozatlan szeretettel v\u00e1runk Benneteket, ha m\u00e9g ell\u00e1togatn\u00e1tok hozz\u00e1nk egy utols\u00f3 finom eb\u00e9dre vagy vacsor\u00e1ra.<br>Mivel m\u00e1r kevesebb az el\u00e9rhet\u0151 asztal, asztalfoglal\u00e1s er\u0151sen aj\u00e1nlott.<br>K\u00f6sz\u00f6nj\u00fck az eddigi sok sz\u00e9p k\u00f6z\u00f6s pillanatot \u00e9s a rengeteg t\u00e1mogat\u00e1st!\n<\/div><div class=\"bde-button-25-120 bde-button\" data-parallax=\"true\">\n    \n                                    \n    \n    \n    \n    \n            \n                    \n            \n            \n\n    \n    \n    \n    \n    <a class=\"breakdance-link button-atom button-atom--custom bde-button__button\" href=\"https:\/\/gekkopub.hu\/de\/rolunk\/\" target=\"_self\" data-type=\"url\"  >\n\n    \n        <span class=\"button-atom__text\">Lesen Sie \u00fcber uns!<\/span>\n\n                            \n        \n                <\/a>\n\n    \n\n\n<\/div>\n<\/div><\/div><h2 class=\"bde-heading-25-186 bde-heading\" data-parallax=\"true\">\nUnsere Spezialit\u00e4ten\n<\/h2><div class=\"bde-text-25-187 bde-text\" data-parallax=\"true\">\nKommen Sie und probieren Sie unsere gastronomischen Spezialit\u00e4ten.\n<\/div><div class=\"bde-columns-25-197 bde-columns\"><div class=\"bde-column-25-198 bde-column\">\n  \n\t\n\n\n\n<div class=\"bde-image-box-25-128 bde-image-box\" data-entrance=\"fade\">\n<div class=\"ee-imagebox-image\">\n        \n  \n  \n  \n  \n      \n      <img loading=\"lazy\" decoding=\"async\"\n      class=\"breakdance-image-object\"\n      src=\"https:\/\/gekkopub.hu\/wp-content\/uploads\/2024\/04\/gekko_pub_szombathely_etterem_gekko_box_kezdolap-scaled.jpg\"\n      width=\"2560\"\n      height=\"1707\"\n      \n      \n                                    srcset=\"https:\/\/gekkopub.hu\/wp-content\/uploads\/2024\/04\/gekko_pub_szombathely_etterem_gekko_box_kezdolap-scaled.jpg 2560w, https:\/\/gekkopub.hu\/wp-content\/uploads\/2024\/04\/gekko_pub_szombathely_etterem_gekko_box_kezdolap-300x200.jpg 300w, https:\/\/gekkopub.hu\/wp-content\/uploads\/2024\/04\/gekko_pub_szombathely_etterem_gekko_box_kezdolap-1024x683.jpg 1024w, https:\/\/gekkopub.hu\/wp-content\/uploads\/2024\/04\/gekko_pub_szombathely_etterem_gekko_box_kezdolap-768x512.jpg 768w, https:\/\/gekkopub.hu\/wp-content\/uploads\/2024\/04\/gekko_pub_szombathely_etterem_gekko_box_kezdolap-1536x1024.jpg 1536w, https:\/\/gekkopub.hu\/wp-content\/uploads\/2024\/04\/gekko_pub_szombathely_etterem_gekko_box_kezdolap-2048x1365.jpg 2048w\"\n                                                                      >\n  \n<\/div>\n<div class=\"ee-imagebox-content\">\n      <h3 class=\"ee-imagebox-title\" >Gekko-Box<\/h3>\n    \n      <div class=\"ee-imagebox-text\" >Serviert f\u00fcr eine oder zwei Personen und gef\u00fcllt mit hausgemachten K\u00e4seb\u00e4llchen, H\u00e4hnchenfl\u00fcgeln, H\u00e4hnchenkeulenfilets, H\u00e4hnchenbruststreifen, Bootskartoffeln und unserer eigenen BBQ-Sauce.<\/div>\n    \n  <\/div>\n\n<\/div>\n<\/div><div class=\"bde-column-25-199 bde-column\">\n  \n\t\n\n\n\n<div class=\"bde-image-box-25-129 bde-image-box\" data-entrance=\"fade\">\n<div class=\"ee-imagebox-image\">\n        \n  \n  \n  \n  \n      \n      <img loading=\"lazy\" decoding=\"async\"\n      class=\"breakdance-image-object\"\n      src=\"https:\/\/gekkopub.hu\/wp-content\/uploads\/2024\/04\/gekko_pub_szombathely_etterem_gekko_ramen_leves_specialitas-scaled.jpg\"\n      width=\"2560\"\n      height=\"1707\"\n      \n      \n                                    srcset=\"https:\/\/gekkopub.hu\/wp-content\/uploads\/2024\/04\/gekko_pub_szombathely_etterem_gekko_ramen_leves_specialitas-scaled.jpg 2560w, https:\/\/gekkopub.hu\/wp-content\/uploads\/2024\/04\/gekko_pub_szombathely_etterem_gekko_ramen_leves_specialitas-300x200.jpg 300w, https:\/\/gekkopub.hu\/wp-content\/uploads\/2024\/04\/gekko_pub_szombathely_etterem_gekko_ramen_leves_specialitas-1024x683.jpg 1024w, https:\/\/gekkopub.hu\/wp-content\/uploads\/2024\/04\/gekko_pub_szombathely_etterem_gekko_ramen_leves_specialitas-768x512.jpg 768w, https:\/\/gekkopub.hu\/wp-content\/uploads\/2024\/04\/gekko_pub_szombathely_etterem_gekko_ramen_leves_specialitas-1536x1024.jpg 1536w, https:\/\/gekkopub.hu\/wp-content\/uploads\/2024\/04\/gekko_pub_szombathely_etterem_gekko_ramen_leves_specialitas-2048x1365.jpg 2048w\"\n                                                                      >\n  \n<\/div>\n<div class=\"ee-imagebox-content\">\n      <h3 class=\"ee-imagebox-title\" >Tonkotsu-Ramen-Suppe<\/h3>\n    \n      <div class=\"ee-imagebox-text\" >Ramen-Suppe ist ein traditionelles japanisches Gericht. Sie wird in einer Sch\u00fcssel serviert und besteht im Wesentlichen aus vier Hauptzutaten: der Suppenbasis, den Nudeln, dem Fleisch- oder Tofuanteil und verschiedenen Gem\u00fcsesorten oder anderen Gew\u00fcrzen.<\/div>\n    \n  <\/div>\n\n<\/div>\n<\/div><div class=\"bde-column-25-200 bde-column\">\n  \n\t\n\n\n\n<div class=\"bde-image-box-25-130 bde-image-box\" data-entrance=\"fade\">\n<div class=\"ee-imagebox-image\">\n        \n  \n  \n  \n  \n      \n      <img loading=\"lazy\" decoding=\"async\"\n      class=\"breakdance-image-object\"\n      src=\"https:\/\/gekkopub.hu\/wp-content\/uploads\/2024\/04\/gekko_pub_szombathely_etterem_specialitas_panna_cotta.jpg\"\n      width=\"1800\"\n      height=\"1200\"\n      \n      \n                                    srcset=\"https:\/\/gekkopub.hu\/wp-content\/uploads\/2024\/04\/gekko_pub_szombathely_etterem_specialitas_panna_cotta.jpg 1800w, https:\/\/gekkopub.hu\/wp-content\/uploads\/2024\/04\/gekko_pub_szombathely_etterem_specialitas_panna_cotta-300x200.jpg 300w, https:\/\/gekkopub.hu\/wp-content\/uploads\/2024\/04\/gekko_pub_szombathely_etterem_specialitas_panna_cotta-1024x683.jpg 1024w, https:\/\/gekkopub.hu\/wp-content\/uploads\/2024\/04\/gekko_pub_szombathely_etterem_specialitas_panna_cotta-768x512.jpg 768w, https:\/\/gekkopub.hu\/wp-content\/uploads\/2024\/04\/gekko_pub_szombathely_etterem_specialitas_panna_cotta-1536x1024.jpg 1536w\"\n                                                                      >\n  \n<\/div>\n<div class=\"ee-imagebox-content\">\n      <h3 class=\"ee-imagebox-title\" >Kaffee-Rum-Panna-Cotta<\/h3>\n    \n      <div class=\"ee-imagebox-text\" > Kaffee-Rum-Panna cotta ist ein k\u00f6stliches Dessert, das eine Variation der klassischen italienischen Panna cotta ist. Dieses Dessert wird in der Regel aus Sahne, Zucker, Gelatine und anderen Aromastoffen hergestellt und ergibt eine seidig-weiche Creme.<\/div>\n    \n  <\/div>\n\n<\/div>\n<\/div><\/div><\/div>\n<\/section><section class=\"bde-section-25-131 bde-section\">\n  \n\t\n\n\n\n<div class=\"section-container\"><div class=\"bde-columns-25-132 bde-columns\"><div class=\"bde-column-25-133 bde-column\">\n              \n  \n\t\n\n  <div class=\"section-background-overlay\"><\/div>\n\n\n<h2 class=\"bde-heading-25-138 bde-heading\" data-entrance=\"zoomOut\">\nMen\u00fc\n<\/h2><a class=\"bde-text-link-25-139 bde-text-link breakdance-link\" href=\"https:\/\/gekkopub.hu\/wp-content\/uploads\/2024\/07\/Gekko_pub_etterem_szombathely_uj_etlap.pdf\" target=\"_self\" data-type=\"url\">\n  Ich werde die Speisekarte \u00fcberpr\u00fcfen!\n\n<\/a>\n<\/div><div class=\"bde-column-25-134 bde-column\">\n  \n\t\n\n\n\n<div id=\"barpult\" class=\"bde-image-25-140 bde-image\">\n  \n\n\n\n\n\n<figure class=\"breakdance-image breakdance-image--68\">\n\t<div class=\"breakdance-image-container\">\n\t\t<div class=\"breakdance-image-clip\">\n\t\t\t\n\t\t\t\t\n\t\t\t\t\t      \n  \n  \n  \n  \n      \n      <img loading=\"lazy\" decoding=\"async\"\n      class=\"breakdance-image-object\"\n      src=\"https:\/\/gekkopub.hu\/wp-content\/uploads\/2024\/04\/gekko_pub_szombathely_etterem_catering.jpg\"\n      width=\"1800\"\n      height=\"1200\"\n      \n      \n                                    srcset=\"https:\/\/gekkopub.hu\/wp-content\/uploads\/2024\/04\/gekko_pub_szombathely_etterem_catering.jpg 1800w, https:\/\/gekkopub.hu\/wp-content\/uploads\/2024\/04\/gekko_pub_szombathely_etterem_catering-300x200.jpg 300w, https:\/\/gekkopub.hu\/wp-content\/uploads\/2024\/04\/gekko_pub_szombathely_etterem_catering-1024x683.jpg 1024w, https:\/\/gekkopub.hu\/wp-content\/uploads\/2024\/04\/gekko_pub_szombathely_etterem_catering-768x512.jpg 768w, https:\/\/gekkopub.hu\/wp-content\/uploads\/2024\/04\/gekko_pub_szombathely_etterem_catering-1536x1024.jpg 1536w\"\n                                                                      >\n  \n\n\t\t\t\t\t\n\t\t\t\t\t\t<\/div>\n\t<\/div>\n\n\t<\/figure>\n\n<\/div><div class=\"bde-div-25-141 bde-div\">\n              \n  \n\t\n\n  <div class=\"section-background-overlay\"><\/div>\n\n\n<div class=\"bde-image-25-207 bde-image\">\n  \n\n\n\n\n\n<figure class=\"breakdance-image breakdance-image--389\">\n\t<div class=\"breakdance-image-container\">\n\t\t<div class=\"breakdance-image-clip\">\n\t\t\t\n\t\t\t\t\n\t\t\t\t\t      \n  \n  \n  \n  \n      \n      <img loading=\"lazy\" decoding=\"async\"\n      class=\"breakdance-image-object\"\n      src=\"https:\/\/gekkopub.hu\/wp-content\/uploads\/2024\/05\/gekko_etterem_szombathely_catering_icon_da_digital_uj.png\"\n      width=\"318\"\n      height=\"223\"\n      \n      \n                                    srcset=\"https:\/\/gekkopub.hu\/wp-content\/uploads\/2024\/05\/gekko_etterem_szombathely_catering_icon_da_digital_uj.png 318w, https:\/\/gekkopub.hu\/wp-content\/uploads\/2024\/05\/gekko_etterem_szombathely_catering_icon_da_digital_uj-300x210.png 300w\"\n                                                                      >\n  \n\n\t\t\t\t\t\n\t\t\t\t\t\t<\/div>\n\t<\/div>\n\n\t<\/figure>\n\n<\/div><h2 class=\"bde-heading-25-142 bde-heading\" data-entrance=\"zoomOut\">\nVerpflegung\n<\/h2><a class=\"bde-text-link-25-147 bde-text-link breakdance-link\" href=\"https:\/\/gekkopub.hu\/de\/rendezveny\/\" target=\"_self\" data-type=\"url\">\n  Ich bin interessiert!\n\n<\/a>\n<\/div>\n<\/div><div class=\"bde-column-25-135 bde-column\">\n  \n\t\n\n\n\n<div class=\"bde-div-25-143 bde-div\">\n              \n  \n\t\n\n  <div class=\"section-background-overlay\"><\/div>\n\n\n<div class=\"bde-image-25-206 bde-image\">\n  \n\n\n\n\n\n<figure class=\"breakdance-image breakdance-image--418\">\n\t<div class=\"breakdance-image-container\">\n\t\t<div class=\"breakdance-image-clip\">\n\t\t\t\n\t\t\t\t\n\t\t\t\t\t      \n  \n  \n  \n  \n      \n      <img loading=\"lazy\" decoding=\"async\"\n      class=\"breakdance-image-object\"\n      src=\"https:\/\/gekkopub.hu\/wp-content\/uploads\/2024\/05\/gekko_etterem_szombathely_galeria_icon_da_digital_uj_masodik_uj.png\"\n      width=\"176\"\n      height=\"170\"\n      \n      \n                                                                  >\n  \n\n\t\t\t\t\t\n\t\t\t\t\t\t<\/div>\n\t<\/div>\n\n\t<\/figure>\n\n<\/div><h2 class=\"bde-heading-25-144 bde-heading\" data-entrance=\"zoomOut\">\nGalerie\n<\/h2><a class=\"bde-text-link-25-148 bde-text-link breakdance-link\" href=\"https:\/\/gekkopub.hu\/de\/galeria\/\" target=\"_self\" data-type=\"url\">\n  Ich werde nachsehen!\n\n<\/a>\n<\/div><div class=\"bde-image-25-145 bde-image\">\n  \n\n\n\n\n\n<figure class=\"breakdance-image breakdance-image--69\">\n\t<div class=\"breakdance-image-container\">\n\t\t<div class=\"breakdance-image-clip\">\n\t\t\t\n\t\t\t\t\n\t\t\t\t\t      \n  \n  \n  \n  \n      \n      <img loading=\"lazy\" decoding=\"async\"\n      class=\"breakdance-image-object\"\n      src=\"https:\/\/gekkopub.hu\/wp-content\/uploads\/2024\/04\/gekko_pub_szombathely_etterem_rendezveny_fooldal-scaled.jpg\"\n      width=\"2560\"\n      height=\"1707\"\n      \n      \n                                    srcset=\"https:\/\/gekkopub.hu\/wp-content\/uploads\/2024\/04\/gekko_pub_szombathely_etterem_rendezveny_fooldal-scaled.jpg 2560w, https:\/\/gekkopub.hu\/wp-content\/uploads\/2024\/04\/gekko_pub_szombathely_etterem_rendezveny_fooldal-300x200.jpg 300w, https:\/\/gekkopub.hu\/wp-content\/uploads\/2024\/04\/gekko_pub_szombathely_etterem_rendezveny_fooldal-1024x683.jpg 1024w, https:\/\/gekkopub.hu\/wp-content\/uploads\/2024\/04\/gekko_pub_szombathely_etterem_rendezveny_fooldal-768x512.jpg 768w, https:\/\/gekkopub.hu\/wp-content\/uploads\/2024\/04\/gekko_pub_szombathely_etterem_rendezveny_fooldal-1536x1024.jpg 1536w, https:\/\/gekkopub.hu\/wp-content\/uploads\/2024\/04\/gekko_pub_szombathely_etterem_rendezveny_fooldal-2048x1365.jpg 2048w\"\n                                                                      >\n  \n\n\t\t\t\t\t\n\t\t\t\t\t\t<\/div>\n\t<\/div>\n\n\t<\/figure>\n\n<\/div>\n<\/div><div class=\"bde-column-25-136 bde-column\">\n              \n  \n\t\n\n  <div class=\"section-background-overlay\"><\/div>\n\n\n<h2 class=\"bde-heading-25-146 bde-heading\" data-entrance=\"zoomOut\">\nGetr\u00e4nke\n<\/h2><a class=\"bde-text-link-25-149 bde-text-link breakdance-link\" href=\"https:\/\/gekkopub.hu\/wp-content\/uploads\/2024\/07\/Gekko_pub_etterem_szombathely_uj_itallap.pdf\" target=\"_self\" data-type=\"url\">\n  Ich werde die Getr\u00e4nkeliste \u00fcberpr\u00fcfen!\n\n<\/a>\n<\/div><\/div><\/div>\n<\/section><section class=\"bde-section-25-150 bde-section radial-bg__middle\">\n  \n\t\n\n\n\n<div class=\"section-container\"><div class=\"bde-columns-25-151 bde-columns\"><div class=\"bde-column-25-152 bde-column\">\n  \n\t\n\n\n\n<h2 class=\"bde-heading-25-154 bde-heading\">\nBestellen Sie das gastronomische Erlebnis des Gekko Pubs zu sich nach Hause\n<\/h2><div class=\"bde-text-25-155 bde-text\">\nGenie\u00dfen Sie unser Essen ganz bequem von zu Hause aus.\n<\/div><div class=\"bde-button-25-204 bde-button\" data-entrance=\"slideRight\">\n    \n                                    \n    \n    \n    \n    \n            \n                    \n            \n            \n\n    \n    \n    \n    \n    <a class=\"breakdance-link button-atom button-atom--custom bde-button__button\" href=\"https:\/\/gekkopub.hu\/de\/rendeles\/\" target=\"_self\" data-type=\"url\"  >\n\n    \n        <span class=\"button-atom__text\">Bestellen<\/span>\n\n                            \n        \n                <\/a>\n\n    \n\n\n<\/div>\n<\/div><div class=\"bde-column-25-153 bde-column\">\n  \n\t\n\n\n\n<div class=\"bde-image-25-157 bde-image\">\n  \n\n\n\n\n\n<figure class=\"breakdance-image breakdance-image--107\">\n\t<div class=\"breakdance-image-container\">\n\t\t<div class=\"breakdance-image-clip\">\n\t\t\t\n\t\t\t\t\n\t\t\t\t\t      \n  \n  \n  \n  \n      \n      <img loading=\"lazy\" decoding=\"async\"\n      class=\"breakdance-image-object\"\n      src=\"https:\/\/gekkopub.hu\/wp-content\/uploads\/2024\/04\/gekko_pub_szombathely_etterem_kezdolap_kaja-scaled.jpg\"\n      width=\"2560\"\n      height=\"2560\"\n      \n      \n                                    srcset=\"https:\/\/gekkopub.hu\/wp-content\/uploads\/2024\/04\/gekko_pub_szombathely_etterem_kezdolap_kaja-scaled.jpg 2560w, https:\/\/gekkopub.hu\/wp-content\/uploads\/2024\/04\/gekko_pub_szombathely_etterem_kezdolap_kaja-300x300.jpg 300w, https:\/\/gekkopub.hu\/wp-content\/uploads\/2024\/04\/gekko_pub_szombathely_etterem_kezdolap_kaja-1024x1024.jpg 1024w, https:\/\/gekkopub.hu\/wp-content\/uploads\/2024\/04\/gekko_pub_szombathely_etterem_kezdolap_kaja-150x150.jpg 150w, https:\/\/gekkopub.hu\/wp-content\/uploads\/2024\/04\/gekko_pub_szombathely_etterem_kezdolap_kaja-768x768.jpg 768w, https:\/\/gekkopub.hu\/wp-content\/uploads\/2024\/04\/gekko_pub_szombathely_etterem_kezdolap_kaja-1536x1536.jpg 1536w, https:\/\/gekkopub.hu\/wp-content\/uploads\/2024\/04\/gekko_pub_szombathely_etterem_kezdolap_kaja-2048x2048.jpg 2048w\"\n                                                                      >\n  \n\n\t\t\t\t\t\n\t\t\t\t\t\t<\/div>\n\t<\/div>\n\n\t<\/figure>\n\n<\/div>\n<\/div><\/div><div id=\"asztalfoglalas\" class=\"bde-columns-25-159 bde-columns\"><div class=\"bde-column-25-165 bde-column\">\n  \n\t\n\n\n\n<div class=\"bde-image-25-194 bde-image\">\n  \n\n\n\n\n\n<figure class=\"breakdance-image breakdance-image--52\">\n\t<div class=\"breakdance-image-container\">\n\t\t<div class=\"breakdance-image-clip\">\n\t\t\t\n\t\t\t\t\n\t\t\t\t\t      \n  \n  \n  \n  \n      \n      <img loading=\"lazy\" decoding=\"async\"\n      class=\"breakdance-image-object\"\n      src=\"https:\/\/gekkopub.hu\/wp-content\/uploads\/2024\/04\/gekko_pub_szombathely_etterem-scaled.jpg\"\n      width=\"2560\"\n      height=\"1707\"\n      \n      \n                                    srcset=\"https:\/\/gekkopub.hu\/wp-content\/uploads\/2024\/04\/gekko_pub_szombathely_etterem-scaled.jpg 2560w, https:\/\/gekkopub.hu\/wp-content\/uploads\/2024\/04\/gekko_pub_szombathely_etterem-300x200.jpg 300w, https:\/\/gekkopub.hu\/wp-content\/uploads\/2024\/04\/gekko_pub_szombathely_etterem-1024x683.jpg 1024w, https:\/\/gekkopub.hu\/wp-content\/uploads\/2024\/04\/gekko_pub_szombathely_etterem-768x512.jpg 768w, https:\/\/gekkopub.hu\/wp-content\/uploads\/2024\/04\/gekko_pub_szombathely_etterem-1536x1024.jpg 1536w, https:\/\/gekkopub.hu\/wp-content\/uploads\/2024\/04\/gekko_pub_szombathely_etterem-2048x1365.jpg 2048w\"\n                                                                      >\n  \n\n\t\t\t\t\t\n\t\t\t\t\t\t<\/div>\n\t<\/div>\n\n\t<\/figure>\n\n<\/div>\n<\/div><div class=\"bde-column-25-160 bde-column\">\n  \n\t\n\n\n\n<h2 id=\"asztaloglalas\" class=\"bde-heading-25-161 bde-heading\">\nReservieren Sie!\n<\/h2><div class=\"bde-text-25-163 bde-text\">\nReservieren Sie einen Tisch unter einer unserer Kontaktnummern und besuchen Sie unser Restaurant!\n<\/div><div class=\"bde-text-25-167 bde-text\">\nAdresse unseres Restaurants\n<\/div><div class=\"bde-text-25-190 bde-text\">\n9700 Szombathely , Szelestey L\u00e1szl\u00f3 u. 2\n<\/div><div class=\"bde-div-25-170 bde-div\">\n  \n\t\n\n\n\n<div class=\"bde-div-25-171 bde-div\">\n  \n\t\n\n\n\n<div class=\"bde-text-25-169 bde-text\">\nDie \u00d6ffnungszeiten\n<\/div><div class=\"bde-text-25-172 bde-text\">\nMontag - Dienstag: geschlossen\n<\/div><div class=\"bde-text-25-191 bde-text\">\nMittwoch - Donnerstag: 11:00 - 22:00\n<\/div><div class=\"bde-text-25-192 bde-text\">\nFreitag - Samstag: 11:00 - 23:00\n<\/div><div class=\"bde-text-25-193 bde-text\">\nSonntag: 11:00 - 21:00\n<\/div>\n<\/div>\n<\/div><div class=\"bde-button-25-205 bde-button\" data-entrance=\"zoomIn\">\n    \n                                    \n    \n    \n    \n    \n            \n                    \n            \n            \n\n    \n    \n    \n    \n    <a class=\"breakdance-link button-atom button-atom--custom bde-button__button\" href=\"https:\/\/www.google.com\/maps\/dir\/\/Szombathely,+Gekko+Pub+\u00e9s+\u00c9tterem,+Szelestey+L\u00e1szl\u00f3+u.+2,+9700\/@47.2351325,16.6222022,17z\/data=!4m9!4m8!1m0!1m5!1m1!1s0x476eb9b91cede4f9:0x5d1562682a4c8d59!2m2!1d16.6221859!2d47.2351637!3e0?entry=ttu\" target=\"_self\" data-type=\"url\"  >\n\n    \n        <span class=\"button-atom__text\">Routenplanung<\/span>\n\n                            \n        \n                <\/a>\n\n    \n\n\n<\/div>\n<\/div><\/div><\/div>\n<\/section>","protected":false},"excerpt":{"rendered":"<p>Kedves Vend\u00e9geink! Szeretn\u00e9nk megosztani Veletek, hogy \u00e9tterm\u00fcnk 2025. m\u00e1jus\u00a0 4-\u00e9n v\u00e9gleg bez\u00e1r. Addig is sz\u0171k\u00edtett \u00e9tlappal, de v\u00e1ltozatlan szeretettel v\u00e1runk Benneteket, ha m\u00e9g ell\u00e1togatn\u00e1tok hozz\u00e1nk egy utols\u00f3 finom eb\u00e9dre vagy vacsor\u00e1ra.Mivel m\u00e1r kevesebb az el\u00e9rhet\u0151 asztal, asztalfoglal\u00e1s er\u0151sen aj\u00e1nlott.K\u00f6sz\u00f6nj\u00fck az eddigi sok sz\u00e9p k\u00f6z\u00f6s pillanatot \u00e9s a rengeteg t\u00e1mogat\u00e1st! Olvass r\u00f3lunk! Specialit\u00e1saink Gyere el hozz\u00e1nk [&hellip;]<\/p>","protected":false},"author":1,"featured_media":0,"parent":0,"menu_order":0,"comment_status":"closed","ping_status":"closed","template":"","meta":{"_breakdance_hide_in_design_set":false,"_breakdance_tags":"","footnotes":""},"class_list":["post-25","page","type-page","status-publish","hentry"],"_links":{"self":[{"href":"https:\/\/gekkopub.hu\/de\/wp-json\/wp\/v2\/pages\/25","targetHints":{"allow":["GET"]}}],"collection":[{"href":"https:\/\/gekkopub.hu\/de\/wp-json\/wp\/v2\/pages"}],"about":[{"href":"https:\/\/gekkopub.hu\/de\/wp-json\/wp\/v2\/types\/page"}],"author":[{"embeddable":true,"href":"https:\/\/gekkopub.hu\/de\/wp-json\/wp\/v2\/users\/1"}],"replies":[{"embeddable":true,"href":"https:\/\/gekkopub.hu\/de\/wp-json\/wp\/v2\/comments?post=25"}],"version-history":[{"count":189,"href":"https:\/\/gekkopub.hu\/de\/wp-json\/wp\/v2\/pages\/25\/revisions"}],"predecessor-version":[{"id":677,"href":"https:\/\/gekkopub.hu\/de\/wp-json\/wp\/v2\/pages\/25\/revisions\/677"}],"wp:attachment":[{"href":"https:\/\/gekkopub.hu\/de\/wp-json\/wp\/v2\/media?parent=25"}],"curies":[{"name":"wp","href":"https:\/\/api.w.org\/{rel}","templated":true}]}}